{"id":2,"date":"2018-11-16T21:34:55","date_gmt":"2018-11-17T00:34:55","guid":{"rendered":"http:\/\/portable.cl\/cms\/?page_id=2"},"modified":"2024-05-08T19:57:15","modified_gmt":"2024-05-08T23:57:15","slug":"inicio","status":"publish","type":"page","link":"https:\/\/portable.cl\/en\/","title":{"rendered":"Inicio"},"content":{"rendered":"<p>Portable es una empresa de comunicaciones, formada por dise\u00f1adores, ingenieros inform\u00e1ticos y desarrolladores, con m\u00e1s de 10 a\u00f1os de experiencia en \u00e1mbito del dise\u00f1o web y medios digitales.<\/p>","protected":false},"excerpt":{"rendered":"<p>Portable es una empresa de comunicaciones, formada por dise\u00f1adores, ingenieros inform\u00e1ticos y desarrolladores, con m\u00e1s de 10 a\u00f1os de experiencia en \u00e1mbito del dise\u00f1o web y medios digitales.<\/p>\n","protected":false},"author":1,"featured_media":0,"parent":0,"menu_order":1,"comment_status":"closed","ping_status":"closed","template":"","meta":{"_acf_changed":false,"footnotes":""},"class_list":["post-2","page","type-page","status-publish","hentry"],"acf":[],"_links":{"self":[{"href":"https:\/\/portable.cl\/en\/wp-json\/wp\/v2\/pages\/2","targetHints":{"allow":["GET"]}}],"collection":[{"href":"https:\/\/portable.cl\/en\/wp-json\/wp\/v2\/pages"}],"about":[{"href":"https:\/\/portable.cl\/en\/wp-json\/wp\/v2\/types\/page"}],"author":[{"embeddable":true,"href":"https:\/\/portable.cl\/en\/wp-json\/wp\/v2\/users\/1"}],"replies":[{"embeddable":true,"href":"https:\/\/portable.cl\/en\/wp-json\/wp\/v2\/comments?post=2"}],"version-history":[{"count":131,"href":"https:\/\/portable.cl\/en\/wp-json\/wp\/v2\/pages\/2\/revisions"}],"predecessor-version":[{"id":1561,"href":"https:\/\/portable.cl\/en\/wp-json\/wp\/v2\/pages\/2\/revisions\/1561"}],"wp:attachment":[{"href":"https:\/\/portable.cl\/en\/wp-json\/wp\/v2\/media?parent=2"}],"curies":[{"name":"wp","href":"https:\/\/api.w.org\/{rel}","templated":true}]}}